{"id":726,"date":"2024-05-14T18:22:38","date_gmt":"2024-05-15T01:22:38","guid":{"rendered":"http:\/\/tallgrassmarketing.ca\/chfa-save-our-supplements-campaign-assets\/"},"modified":"2024-08-06T15:40:30","modified_gmt":"2024-08-06T22:40:30","slug":"chfa-save-our-supplements-campaign-assets","status":"publish","type":"page","link":"https:\/\/tallgrassmarketing.ca\/fr\/chfa-save-our-supplements-campaign-assets\/","title":{"rendered":"CHFA Save Our Supplements Campaign Assets"},"content":{"rendered":"\n<div class=\"wp-block-group alignfull is-layout-constrained wp-container-core-group-is-layout-f0e12bc6 wp-block-group-is-layout-constrained\" style=\"padding-top:var(--wp--preset--spacing--60);padding-bottom:5rem\">\n<div class=\"wp-block-group alignfull is-layout-constrained wp-block-group-is-layout-constrained\" style=\"padding-top:0px;padding-bottom:0px\">\n<h2 class=\"wp-block-heading has-text-align-center has-large-font-size\">CHFA Save Our Supplements Campaign Assets<\/h2>\n\n\n\n<div style=\"height:20px\" aria-hidden=\"true\" class=\"wp-block-spacer\"><\/div>\n\n\n\n<div class=\"wp-block-columns is-layout-flex wp-container-core-columns-is-layout-28f84493 wp-block-columns-is-layout-flex\">\n<div class=\"wp-block-column is-layout-flow wp-block-column-is-layout-flow\">\n<div class=\"wp-block-buttons is-layout-flex wp-block-buttons-is-layout-flex\">\n<div class=\"wp-block-button has-custom-width wp-block-button__width-100 is-style-fill\"><a class=\"wp-block-button__link wp-element-button\" href=\"https:\/\/www.dropbox.com\/sh\/hj4t50vieoo4riq\/AAA4pxr_din27M8CfdtfUUWCa\/CHFA%20Save%20Our%20Supplements%20Campaign%20Assets\/Fran%C3%A7ais\/%C3%89cran%20num%C3%A9rique?dl=0&amp;subfolder_nav_tracking=1\" style=\"border-radius:6px\" target=\"_blank\" rel=\"noreferrer noopener\">\u00c9cran num\u00e9rique<\/a><\/div>\n<\/div>\n<\/div>\n\n\n\n<div class=\"wp-block-column is-layout-flow wp-block-column-is-layout-flow\">\n<div class=\"wp-block-buttons is-layout-flex wp-block-buttons-is-layout-flex\">\n<div class=\"wp-block-button has-custom-width wp-block-button__width-100 is-style-fill\"><a class=\"wp-block-button__link wp-element-button\" href=\"https:\/\/www.dropbox.com\/sh\/hj4t50vieoo4riq\/AADUXYvdQAXfpTNelZs-vNP9a\/CHFA%20Save%20Our%20Supplements%20Campaign%20Assets\/Fran%C3%A7ais\/Trousse%20%C3%A9ducative?dl=0&amp;subfolder_nav_tracking=1\" style=\"border-radius:6px\" target=\"_blank\" rel=\"noreferrer noopener\">Trousse \u00e9ducative<\/a><\/div>\n<\/div>\n<\/div>\n<\/div>\n\n\n\n<div class=\"wp-block-columns is-layout-flex wp-container-core-columns-is-layout-28f84493 wp-block-columns-is-layout-flex\">\n<div class=\"wp-block-column is-layout-flow wp-block-column-is-layout-flow\">\n<div class=\"wp-block-buttons is-layout-flex wp-block-buttons-is-layout-flex\">\n<div class=\"wp-block-button has-custom-width wp-block-button__width-100 is-style-fill\"><a class=\"wp-block-button__link wp-element-button\" href=\"https:\/\/www.dropbox.com\/sh\/hj4t50vieoo4riq\/AADeOFauX6BXAlM4m1tRcguca\/CHFA%20Save%20Our%20Supplements%20Campaign%20Assets\/Fran%C3%A7ais\/Banni%C3%A8re%20pour%20e-mail?dl=0&amp;subfolder_nav_tracking=1\" style=\"border-radius:6px\" target=\"_blank\" rel=\"noreferrer noopener\">Banni\u00e8re pour courriel<\/a><\/div>\n<\/div>\n<\/div>\n\n\n\n<div class=\"wp-block-column is-layout-flow wp-block-column-is-layout-flow\">\n<div class=\"wp-block-buttons is-layout-flex wp-block-buttons-is-layout-flex\">\n<div class=\"wp-block-button has-custom-width wp-block-button__width-100 is-style-fill\"><a class=\"wp-block-button__link wp-element-button\" href=\"https:\/\/www.dropbox.com\/sh\/hj4t50vieoo4riq\/AACO2_iPY3M9Kea9pKEAZT6ia\/CHFA%20Save%20Our%20Supplements%20Campaign%20Assets\/Fran%C3%A7ais\/Mod%C3%A8le%20d_e-mail?dl=0&amp;subfolder_nav_tracking=1\" style=\"border-radius:6px\" target=\"_blank\" rel=\"noreferrer noopener\">Mod\u00e8le de courriel<\/a><\/div>\n<\/div>\n<\/div>\n<\/div>\n\n\n\n<div class=\"wp-block-columns is-layout-flex wp-container-core-columns-is-layout-28f84493 wp-block-columns-is-layout-flex\">\n<div class=\"wp-block-column is-layout-flow wp-block-column-is-layout-flow\">\n<div class=\"wp-block-buttons is-layout-flex wp-block-buttons-is-layout-flex\">\n<div class=\"wp-block-button has-custom-width wp-block-button__width-100 is-style-fill\"><a class=\"wp-block-button__link wp-element-button\" href=\"https:\/\/www.dropbox.com\/sh\/hj4t50vieoo4riq\/AAD1gd0GlkKlIOkak9R951vua\/CHFA%20Save%20Our%20Supplements%20Campaign%20Assets\/Fran%C3%A7ais\/Fichiers%20%C3%A0%20imprimer?dl=0&amp;subfolder_nav_tracking=1\" style=\"border-radius:6px\" target=\"_blank\" rel=\"noreferrer noopener\">Fichiers \u00e0 imprimer<\/a><\/div>\n<\/div>\n<\/div>\n\n\n\n<div class=\"wp-block-column is-layout-flow wp-block-column-is-layout-flow\">\n<div class=\"wp-block-buttons is-layout-flex wp-block-buttons-is-layout-flex\">\n<div class=\"wp-block-button has-custom-width wp-block-button__width-100 is-style-fill\"><a class=\"wp-block-button__link wp-element-button\" href=\"https:\/\/www.dropbox.com\/sh\/hj4t50vieoo4riq\/AAAzSPoZaMbSd6edfGYkOdRta\/CHFA%20Save%20Our%20Supplements%20Campaign%20Assets\/Fran%C3%A7ais\/M%C3%A9dias%20sociaux?dl=0&amp;subfolder_nav_tracking=1\" style=\"border-radius:6px\" target=\"_blank\" rel=\"noreferrer noopener\">M\u00e9dias sociaux<\/a><\/div>\n<\/div>\n<\/div>\n<\/div>\n\n\n\n<div class=\"wp-block-columns is-layout-flex wp-container-core-columns-is-layout-28f84493 wp-block-columns-is-layout-flex\">\n<div class=\"wp-block-column is-layout-flow wp-block-column-is-layout-flow\">\n<div class=\"wp-block-buttons is-layout-flex wp-block-buttons-is-layout-flex\">\n<div class=\"wp-block-button has-custom-width wp-block-button__width-100 is-style-fill\"><a class=\"wp-block-button__link wp-element-button\" href=\"https:\/\/www.dropbox.com\/sh\/hj4t50vieoo4riq\/AAANNQJl40bjLOrZT7d_zCYla\/CHFA%20Save%20Our%20Supplements%20Campaign%20Assets\/Fran%C3%A7ais\/%C3%89tude%20sur%20la%20contribution%20%C3%A9conomique%20du%20%E2%80%8B%20secteur%20des%20produits%20de%20sant%C3%A9%20naturels%20du%20Canada?dl=0&amp;subfolder_nav_tracking=1\" style=\"border-radius:6px\" target=\"_blank\" rel=\"noreferrer noopener\">\u00c9tude sur la contribution \u00e9conomique du secteur des produits de sant\u00e9 naturels du Canada<\/a><\/div>\n<\/div>\n<\/div>\n\n\n\n<div class=\"wp-block-column is-layout-flow wp-block-column-is-layout-flow\">\n<div class=\"wp-block-buttons is-layout-flex wp-block-buttons-is-layout-flex\">\n<div class=\"wp-block-button has-custom-width wp-block-button__width-100 is-style-fill\"><a class=\"wp-block-button__link wp-element-button\" href=\"https:\/\/www.dropbox.com\/sh\/hj4t50vieoo4riq\/AAC1tpvy4Bk_266S3lDVQjtta\/CHFA%20Save%20Our%20Supplements%20Campaign%20Assets\/Fran%C3%A7ais\/Guide%20de%20rencontre%20avec%20vos%20repr%C3%A9sentants%20%C3%A9lus?dl=0&amp;subfolder_nav_tracking=1\" style=\"border-radius:6px\" target=\"_blank\" rel=\"noreferrer noopener\">Guide de rencontre avec vos repr\u00e9sentants \u00e9lus<\/a><\/div>\n<\/div>\n<\/div>\n<\/div>\n<\/div>\n<\/div>\n","protected":false},"excerpt":{"rendered":"<p>CHFA Save Our Supplements Campaign Assets<\/p>\n","protected":false},"author":2,"featured_media":0,"parent":0,"menu_order":0,"comment_status":"closed","ping_status":"closed","template":"wp-custom-template-custom-template-2","meta":{"footnotes":""},"class_list":["post-726","page","type-page","status-publish","hentry"],"_links":{"self":[{"href":"https:\/\/tallgrassmarketing.ca\/fr\/wp-json\/wp\/v2\/pages\/726","targetHints":{"allow":["GET"]}}],"collection":[{"href":"https:\/\/tallgrassmarketing.ca\/fr\/wp-json\/wp\/v2\/pages"}],"about":[{"href":"https:\/\/tallgrassmarketing.ca\/fr\/wp-json\/wp\/v2\/types\/page"}],"author":[{"embeddable":true,"href":"https:\/\/tallgrassmarketing.ca\/fr\/wp-json\/wp\/v2\/users\/2"}],"replies":[{"embeddable":true,"href":"https:\/\/tallgrassmarketing.ca\/fr\/wp-json\/wp\/v2\/comments?post=726"}],"version-history":[{"count":28,"href":"https:\/\/tallgrassmarketing.ca\/fr\/wp-json\/wp\/v2\/pages\/726\/revisions"}],"predecessor-version":[{"id":925,"href":"https:\/\/tallgrassmarketing.ca\/fr\/wp-json\/wp\/v2\/pages\/726\/revisions\/925"}],"wp:attachment":[{"href":"https:\/\/tallgrassmarketing.ca\/fr\/wp-json\/wp\/v2\/media?parent=726"}],"curies":[{"name":"wp","href":"https:\/\/api.w.org\/{rel}","templated":true}]}}